{"id":3110,"date":"2022-10-08T14:54:50","date_gmt":"2022-10-08T12:54:50","guid":{"rendered":"https:\/\/salsadans.com\/?page_id=3110"},"modified":"2025-02-26T12:39:31","modified_gmt":"2025-02-26T11:39:31","slug":"foretagsevent","status":"publish","type":"page","link":"https:\/\/salsadans.com\/index.php\/vara-tjanster\/foretagsevent\/","title":{"rendered":"F\u00f6retagsevent"},"content":{"rendered":"\n<div class=\"wp-block-uagb-buttons uagb-buttons__outer-wrap uagb-btn__default-btn uagb-btn-tablet__default-btn uagb-btn-mobile__small-btn uagb-block-8c7ffb12\"><div class=\"uagb-buttons__wrap uagb-buttons-layout-wrap \">\n<div class=\"wp-block-uagb-buttons-child uagb-buttons__outer-wrap uagb-block-06adcc17 wp-block-button\"><div class=\"uagb-button__wrapper\"><a class=\"uagb-buttons-repeater wp-block-button__link\" aria-label=\"\" href=\"https:\/\/salsadans.com\/index.php\/vara-tjanster\/\" rel=\"follow noopener\" target=\"_self\" role=\"button\"><div class=\"uagb-button__link\">Tillbaka<\/div><\/a><\/div><\/div>\n<\/div><\/div>\n\n\n\n<div class=\"wp-block-uagb-info-box uagb-block-621daae3 uagb-infobox__content-wrap  uagb-infobox-icon-above-title uagb-infobox-image-valign-top\"><div class=\"uagb-ifb-content\"><div class=\"uagb-ifb-image-content\"><img data-recalc-dims=\"1\" decoding=\"async\" src=\"https:\/\/i0.wp.com\/salsadans.com\/wp-content\/uploads\/2023\/08\/Fo%CC%88retagsevent-banner-1.png?h=0&#038;ssl=1\" alt=\"\"   loading=\"lazy\"\/><\/div><div class=\"uagb-ifb-title-wrap\"><h3 class=\"uagb-ifb-title\">F\u00f6retagsevent?<\/h3><\/div><p class=\"uagb-ifb-desc\">Vi har l\u00e5ng erfarenhet med att anordna olika varianter av f\u00f6retagsevent. Stora som sm\u00e5, resultatet brukar bli detsamma&#8230;succ\u00e9!<br>Kontakta oss g\u00e4rna n\u00e4r du planerar din kommande kickoff eller jubileum. <\/p><\/div><\/div>\n\n\n\n<div class=\"wp-block-uagb-separator uagb-block-5d436680 wp-block-uagb-separator--text\"><div class=\"wp-block-uagb-separator__inner\" style=\"--my-background-image:\"><div class=\"wp-block-uagb-separator-element\"><h4 class=\"uagb-html-tag\">Boka oss!<\/h4><\/div><\/div><\/div>\n\n\n\n<section class=\"wp-block-uagb-columns uagb-columns__wrap uagb-columns__background-color uagb-columns__stack-mobile uagb-columns__valign- uagb-columns__gap-10 alignfull uagb-block-43b21f73 uagb-columns__columns-2 uagb-columns__max_width-theme\"><div class=\"uagb-columns__overlay\"><\/div><div class=\"uagb-columns__inner-wrap uagb-columns__columns-2\">\n<div class=\"wp-block-uagb-column uagb-column__wrap uagb-column__background-undefined uagb-block-be4eeaea\"><div class=\"uagb-column__overlay\"><\/div>\n<div class=\"wp-block-uagb-team uagb-team__image-position-above uagb-team__align-center uagb-team__stack-tablet uagb-block-2c7946a9\"><div class=\"uagb-team__content\"><img data-recalc-dims=\"1\" decoding=\"async\" class=\"uagb-team__image-crop-circle\" src=\"https:\/\/i0.wp.com\/salsadans.com\/wp-content\/uploads\/2023\/01\/Rund-Jessica-portra%CC%88tt-.jpg?resize=100%2C100&#038;ssl=1\" alt=\"\" height=\"100\" width=\"100\" loading=\"lazy\"\/><h3 class=\"uagb-team__title\">Jessica Saavedra<\/h3><span class=\"uagb-team__prefix\">Hej v\u00e4lkommen!<\/span><p class=\"uagb-team__desc\">H\u00e4r nedan hittar du mer information, med priser och annat som kan vara bra att k\u00e4nna till.<\/p><\/div><\/div>\n<\/div>\n\n\n\n<div class=\"wp-block-uagb-column uagb-column__wrap uagb-column__background-undefined uagb-block-2bf762be\"><div class=\"uagb-column__overlay\"><\/div>\n<div class=\"wp-block-essential-blocks-accordion  root-eb-accordion-e6chpp0\"><div class=\"eb-parent-wrapper eb-parent-eb-accordion-e6chpp0 \"><div class=\"eb-accordion-container eb-accordion-e6chpp0\" data-accordion-type=\"accordion\" data-tab-icon=\"fas fa-tasks\" data-expanded-icon=\"fas fa-angle-down\" data-transition-duration=\"500\"><div class=\"eb-accordion-inner\">\n<div class=\"wp-block-essential-blocks-accordion-item eb-accordion-item-5ro9sq3 eb-accordion-wrapper\" data-clickable=\"false\"><div class=\"eb-accordion-title-wrapper eb-accordion-title-wrapper-eb-accordion-e6chpp0\" tabindex=\"0\"><span class=\"eb-accordion-icon-wrapper eb-accordion-icon-wrapper-eb-accordion-e6chpp0\"><span class=\"fas fa-tasks eb-accordion-icon\"><\/span><\/span><div class=\"eb-accordion-title-content-wrap title-content-eb-accordion-e6chpp0\"><h3 class=\"eb-accordion-title\">Priser f\u00f6r F\u00f6retag<\/h3><\/div><\/div><div class=\"eb-accordion-content-wrapper eb-accordion-content-wrapper-eb-accordion-e6chpp0\"><div class=\"eb-accordion-content\">\n<section class=\"wp-block-uagb-section uagb-section__wrap uagb-section__background-color uagb-block-1995b114\"><div class=\"uagb-section__overlay\"><\/div><div class=\"uagb-section__inner-wrap\">\n<figure class=\"wp-block-image size-large\"><img data-recalc-dims=\"1\" loading=\"lazy\" decoding=\"async\" width=\"1024\" height=\"580\" src=\"https:\/\/i0.wp.com\/salsadans.com\/wp-content\/uploads\/2023\/01\/SalsaDans-glo%CC%88gg-.jpg?resize=1024%2C580&#038;ssl=1\" alt=\"\" class=\"wp-image-3918\" srcset=\"https:\/\/i0.wp.com\/salsadans.com\/wp-content\/uploads\/2023\/01\/SalsaDans-glo%CC%88gg-.jpg?resize=1024%2C580&amp;ssl=1 1024w, https:\/\/i0.wp.com\/salsadans.com\/wp-content\/uploads\/2023\/01\/SalsaDans-glo%CC%88gg-.jpg?resize=300%2C170&amp;ssl=1 300w, https:\/\/i0.wp.com\/salsadans.com\/wp-content\/uploads\/2023\/01\/SalsaDans-glo%CC%88gg-.jpg?resize=768%2C435&amp;ssl=1 768w, https:\/\/i0.wp.com\/salsadans.com\/wp-content\/uploads\/2023\/01\/SalsaDans-glo%CC%88gg-.jpg?resize=1536%2C870&amp;ssl=1 1536w, https:\/\/i0.wp.com\/salsadans.com\/wp-content\/uploads\/2023\/01\/SalsaDans-glo%CC%88gg-.jpg?w=1600&amp;ssl=1 1600w\" sizes=\"auto, (max-width: 1000px) 100vw, 1000px\" \/><\/figure>\n\n\n\n<h3 class=\"wp-block-heading\">Under 20 pers.<\/h3>\n\n\n\n<p>Priset g\u00e4ller f\u00f6r s\u00e4llskap upp till 20 personer.<br><br>G\u00e4ller under ca 1 timma. Priserna \u00e4r exklusive moms.<\/p>\n\n\n\n<h5 class=\"wp-block-heading has-text-align-right\">Pris: 4000 ex moms<\/h5>\n<\/div><\/section>\n\n\n\n<section class=\"wp-block-uagb-section uagb-section__wrap uagb-section__background-color uagb-block-dec1f97e\"><div class=\"uagb-section__overlay\"><\/div><div class=\"uagb-section__inner-wrap\">\n<h3 class=\"wp-block-heading\">Mellan 21-50 pers.<\/h3>\n\n\n\n<p>Priset g\u00e4ller f\u00f6r s\u00e4llskap mellan 21-50 personer.<br><br>G\u00e4ller under ca 1 timma. Priserna \u00e4r exklusive moms.<\/p>\n\n\n\n<h5 class=\"wp-block-heading has-text-align-right\">Pris: 5625 ex moms<\/h5>\n<\/div><\/section>\n\n\n\n<section class=\"wp-block-uagb-section uagb-section__wrap uagb-section__background-color uagb-block-34ee13f5\"><div class=\"uagb-section__overlay\"><\/div><div class=\"uagb-section__inner-wrap\">\n<h3 class=\"wp-block-heading\">\u00d6ver 50 pers.<\/h3>\n\n\n\n<p>Priset g\u00e4ller f\u00f6r s\u00e4llskap \u00f6ver 50 personer.<br><br>G\u00e4ller under ca 1 timma. Priserna \u00e4r exklusive moms.<\/p>\n\n\n\n<h5 class=\"wp-block-heading has-text-align-right\">Pris: 7500 ex moms<\/h5>\n<\/div><\/section>\n<\/div><\/div><\/div>\n\n\n\n<div class=\"wp-block-essential-blocks-accordion-item eb-accordion-item-3omdp1u eb-accordion-wrapper\" data-clickable=\"false\"><div class=\"eb-accordion-title-wrapper eb-accordion-title-wrapper-eb-accordion-e6chpp0\" tabindex=\"0\"><span class=\"eb-accordion-icon-wrapper eb-accordion-icon-wrapper-eb-accordion-e6chpp0\"><span class=\"fas fa-tasks eb-accordion-icon\"><\/span><\/span><div class=\"eb-accordion-title-content-wrap title-content-eb-accordion-e6chpp0\"><h3 class=\"eb-accordion-title\">Skicka en f\u00f6rfr\u00e5gan&#8230;<\/h3><\/div><\/div><div class=\"eb-accordion-content-wrapper eb-accordion-content-wrapper-eb-accordion-e6chpp0\"><div class=\"eb-accordion-content\">\n<p class=\"has-medium-font-size\">Skicka ett meddelande till Jessica.<\/p>\n\n\n\n<p><\/p>\n\n\n\n<p>Maila ditt namn och det uppl\u00e4gg som du \u00f6nskar.<br><img loading=\"lazy\" decoding=\"async\" height=\"16\" width=\"16\" src=\"https:\/\/static.xx.fbcdn.net\/images\/emoji.php\/v9\/tbe\/1\/16\/1f4e7.png\" alt=\"????\"> mailadress: <a href=\"mailto:jessica@salsadans.com\">jessica@salsadans.com<\/a><\/p>\n\n\n\n<p><\/p>\n\n\n\n<p><\/p>\n\n\n\n<p>V\u00e4lkommen till oss p\u00e5 SalsaDans<\/p>\n<\/div><\/div><\/div>\n\n\n\n<div class=\"wp-block-essential-blocks-accordion-item eb-accordion-item-r2jm2yh eb-accordion-wrapper\" data-clickable=\"false\"><div class=\"eb-accordion-title-wrapper eb-accordion-title-wrapper-eb-accordion-e6chpp0\" tabindex=\"0\"><span class=\"eb-accordion-icon-wrapper eb-accordion-icon-wrapper-eb-accordion-e6chpp0\"><span class=\"fas fa-tasks eb-accordion-icon\"><\/span><\/span><div class=\"eb-accordion-title-content-wrap title-content-eb-accordion-e6chpp0\"><h3 class=\"eb-accordion-title\">Uppl\u00e4gg<\/h3><\/div><\/div><div class=\"eb-accordion-content-wrapper eb-accordion-content-wrapper-eb-accordion-e6chpp0\"><div class=\"eb-accordion-content\">\n<p>Mer info kommer snart!<\/p>\n<\/div><\/div><\/div>\n<\/div><\/div><\/div><\/div>\n<\/div>\n<\/div><\/section>\n","protected":false},"excerpt":{"rendered":"","protected":false},"author":1,"featured_media":0,"parent":16,"menu_order":0,"comment_status":"closed","ping_status":"closed","template":"","meta":{"_eb_attr":"","_uag_custom_page_level_css":"","site-sidebar-layout":"default","site-content-layout":"","ast-site-content-layout":"default","site-content-style":"default","site-sidebar-style":"default","ast-global-header-display":"","ast-banner-title-visibility":"","ast-main-header-display":"","ast-hfb-above-header-display":"","ast-hfb-below-header-display":"","ast-hfb-mobile-header-display":"","site-post-title":"disabled","ast-breadcrumbs-content":"","ast-featured-img":"","footer-sml-layout":"","ast-disable-related-posts":"","theme-transparent-header-meta":"","adv-header-id-meta":"","stick-header-meta":"","header-above-stick-meta":"","header-main-stick-meta":"","header-below-stick-meta":"","astra-migrate-meta-layouts":"set","ast-page-background-enabled":"default","ast-page-background-meta":{"desktop":{"background-color":"var(--ast-global-color-4)","background-image":"","background-repeat":"repeat","background-position":"center center","background-size":"auto","background-attachment":"scroll","background-type":"","background-media":"","overlay-type":"","overlay-color":"","overlay-opacity":"","overlay-gradient":""},"tablet":{"background-color":"","background-image":"","background-repeat":"repeat","background-position":"center center","background-size":"auto","background-attachment":"scroll","background-type":"","background-media":"","overlay-type":"","overlay-color":"","overlay-opacity":"","overlay-gradient":""},"mobile":{"background-color":"","background-image":"","background-repeat":"repeat","background-position":"center center","background-size":"auto","background-attachment":"scroll","background-type":"","background-media":"","overlay-type":"","overlay-color":"","overlay-opacity":"","overlay-gradient":""}},"ast-content-background-meta":{"desktop":{"background-color":"var(--ast-global-color-5)","background-image":"","background-repeat":"repeat","background-position":"center center","background-size":"auto","background-attachment":"scroll","background-type":"","background-media":"","overlay-type":"","overlay-color":"","overlay-opacity":"","overlay-gradient":""},"tablet":{"background-color":"var(--ast-global-color-5)","background-image":"","background-repeat":"repeat","background-position":"center center","background-size":"auto","background-attachment":"scroll","background-type":"","background-media":"","overlay-type":"","overlay-color":"","overlay-opacity":"","overlay-gradient":""},"mobile":{"background-color":"var(--ast-global-color-5)","background-image":"","background-repeat":"repeat","background-position":"center center","background-size":"auto","background-attachment":"scroll","background-type":"","background-media":"","overlay-type":"","overlay-color":"","overlay-opacity":"","overlay-gradient":""}},"footnotes":""},"class_list":["post-3110","page","type-page","status-publish","hentry"],"uagb_featured_image_src":{"full":false,"thumbnail":false,"medium":false,"medium_large":false,"large":false,"1536x1536":false,"2048x2048":false},"uagb_author_info":{"display_name":"Huascar Saavedra","author_link":"https:\/\/salsadans.com\/index.php\/author\/erico\/"},"uagb_comment_info":0,"uagb_excerpt":null,"jetpack-related-posts":[],"jetpack_sharing_enabled":true,"_links":{"self":[{"href":"https:\/\/salsadans.com\/index.php\/wp-json\/wp\/v2\/pages\/3110","targetHints":{"allow":["GET"]}}],"collection":[{"href":"https:\/\/salsadans.com\/index.php\/wp-json\/wp\/v2\/pages"}],"about":[{"href":"https:\/\/salsadans.com\/index.php\/wp-json\/wp\/v2\/types\/page"}],"author":[{"embeddable":true,"href":"https:\/\/salsadans.com\/index.php\/wp-json\/wp\/v2\/users\/1"}],"replies":[{"embeddable":true,"href":"https:\/\/salsadans.com\/index.php\/wp-json\/wp\/v2\/comments?post=3110"}],"version-history":[{"count":54,"href":"https:\/\/salsadans.com\/index.php\/wp-json\/wp\/v2\/pages\/3110\/revisions"}],"predecessor-version":[{"id":7599,"href":"https:\/\/salsadans.com\/index.php\/wp-json\/wp\/v2\/pages\/3110\/revisions\/7599"}],"up":[{"embeddable":true,"href":"https:\/\/salsadans.com\/index.php\/wp-json\/wp\/v2\/pages\/16"}],"wp:attachment":[{"href":"https:\/\/salsadans.com\/index.php\/wp-json\/wp\/v2\/media?parent=3110"}],"curies":[{"name":"wp","href":"https:\/\/api.w.org\/{rel}","templated":true}]}}