{"id":3116,"date":"2022-10-08T14:57:01","date_gmt":"2022-10-08T12:57:01","guid":{"rendered":"https:\/\/salsadans.com\/?page_id=3116"},"modified":"2024-06-09T14:57:12","modified_gmt":"2024-06-09T12:57:12","slug":"friskvard","status":"publish","type":"page","link":"https:\/\/salsadans.com\/index.php\/vara-tjanster\/friskvard\/","title":{"rendered":"Friskv\u00e5rd"},"content":{"rendered":"\n<div class=\"wp-block-uagb-buttons uagb-buttons__outer-wrap uagb-btn__default-btn uagb-btn-tablet__default-btn uagb-btn-mobile__small-btn uagb-block-5b8a3379\"><div class=\"uagb-buttons__wrap uagb-buttons-layout-wrap\">\n<div class=\"wp-block-uagb-buttons-child uagb-buttons__outer-wrap uagb-block-ecddd3da wp-block-button\"><div class=\"uagb-button__wrapper\"><a class=\"uagb-buttons-repeater wp-block-button__link\" href=\"https:\/\/salsadans.com\/index.php\/vara-tjanster\/\" onclick=\"return true;\" rel=\"follow noopener\" target=\"_self\"><div class=\"uagb-button__link\">Tillbaka<\/div><\/a><\/div><\/div>\n<\/div><\/div>\n\n\n\n<div class=\"wp-block-uagb-info-box uagb-block-6dcdd49c uagb-infobox__content-wrap  uagb-infobox-icon-above-title uagb-infobox-image-valign-top\"><div class=\"uagb-ifb-content\"><div class=\"uagb-ifb-image-content\"><img data-recalc-dims=\"1\" decoding=\"async\" src=\"https:\/\/i0.wp.com\/salsadans.com\/wp-content\/uploads\/2023\/08\/friskva%CC%8Ard-1.png?h=0&#038;ssl=1\" alt=\"\"   loading=\"lazy\"\/><\/div><div class=\"uagb-ifb-title-wrap\"><h3 class=\"uagb-ifb-title\">Friskv\u00e5rd?<\/h3><\/div><p class=\"uagb-ifb-desc\">Vetenskapligt bevisat. Dansen \u00e4r bra f\u00f6r kroppen och hj\u00e4rnan. T\u00e4nk p\u00e5 att du kan dansa hos oss och anv\u00e4nda ditt friskv\u00e5rdsbidrag fr\u00e5n jobbet. Du f\u00e5r ett kvitto fr\u00e5n oss som du sedan l\u00e4mnar till ditt arbete\/friskv\u00e5rdsleverant\u00f6r. Investera i dig sj\u00e4lv.<br>Unna dig en dans med oss!<\/p><\/div><\/div>\n\n\n\n<div class=\"wp-block-uagb-team uagb-team__image-position-above uagb-team__align-center uagb-team__stack-tablet uagb-block-e23d1c07\"><div class=\"uagb-team__content\"><img data-recalc-dims=\"1\" decoding=\"async\" class=\"uagb-team__image-crop-circle\" src=\"https:\/\/i0.wp.com\/salsadans.com\/wp-content\/uploads\/2023\/01\/Rund-Jessica-portra%CC%88tt-.jpg?resize=100%2C100&#038;ssl=1\" alt=\"\" height=\"100\" width=\"100\" loading=\"lazy\"\/><h3 class=\"uagb-team__title\">Jessica Saavedra<\/h3><span class=\"uagb-team__prefix\">Hej v\u00e4lkommen!<\/span><p class=\"uagb-team__desc\">Kom ih\u00e5g beg\u00e4ra ett kvitto n\u00e4r du har varit hos oss. Nu ska vi dansa oss friska! \ud83d\ude42<\/p><\/div><\/div>\n\n\n\n<div class=\"inherit-container-width wp-block-group has-border-color has-ast-global-color-7-border-color has-ast-global-color-6-background-color has-background is-layout-constrained wp-container-core-group-is-layout-e3cd4e9a wp-block-group-is-layout-constrained\" style=\"border-width:1px;border-radius:15px;padding-top:0;padding-right:var(--wp--preset--spacing--30);padding-bottom:0;padding-left:var(--wp--preset--spacing--30)\">\n<div class=\"wp-block-gutena-accordion gutena-accordion-block gutena-accordion-block-8b1b52-df is-layout-flow wp-block-gutena-accordion-is-layout-flow\" style=\"margin-top:var(--wp--preset--spacing--30);margin-bottom:var(--wp--preset--spacing--30)\" data-single=\"true\">\n<div class=\"wp-block-gutena-accordion-panel gutena-accordion-block__panel\">\n<div class=\"wp-block-gutena-accordion-panel-title gutena-accordion-block__panel-title has-border-color has-ast-global-color-7-border-color\" style=\"border-width:1px;border-radius:5px;margin-top:0;margin-right:0;margin-bottom:var(--wp--preset--spacing--50);margin-left:0\"><div class=\"gutena-accordion-block__panel-title-inner\">\n<h6 class=\"wp-block-heading has-text-align-left\" style=\"margin-top:0px;margin-right:0px;margin-bottom:0px;margin-left:0px;text-transform:uppercase\">Priser<\/h6>\n<div class=\"trigger-up-down\"><div class=\"horizontal\"><\/div><div class=\"vertical\"><\/div><\/div><\/div><\/div>\n\n\n\n<div class=\"wp-block-gutena-accordion-panel-content gutena-accordion-block__panel-content\"><div class=\"gutena-accordion-block__panel-content-inner\">\n<p>Priser M\u00e5ndagar:<br>1 workshop (1h) 150 kr (student 110kr)<br>2 workshops (2h) 250kr (student 190 kr)<br>3 workshops (3h) 330 kr (student 250 kr)<\/p>\n\n\n\n<hr class=\"wp-block-separator has-text-color has-ast-global-color-7-color has-alpha-channel-opacity has-ast-global-color-7-background-color has-background is-style-wide\"\/>\n\n\n\n<p>Priser L\u00f6rdagar:<br>1 workshop 2h: 250 kr (student 190kr)<br>2 workshops 4h: 400 kr (student 300 kr)<br>3 Workshops 6h: 500 kr (student 370 kr)<br><img loading=\"lazy\" decoding=\"async\" height=\"16\" width=\"16\" src=\"https:\/\/static.xx.fbcdn.net\/images\/emoji.php\/v9\/t91\/1\/16\/2615.png\" alt=\"\u2615\ufe0f\">&nbsp;Priser inkluderar fika.<\/p>\n<\/div><\/div>\n<\/div>\n\n\n\n<div class=\"wp-block-gutena-accordion-panel gutena-accordion-block__panel\">\n<div class=\"wp-block-gutena-accordion-panel-title gutena-accordion-block__panel-title has-border-color has-luminous-vivid-amber-border-color\" style=\"border-width:1px;border-radius:5px;margin-top:0;margin-right:0;margin-bottom:var(--wp--preset--spacing--50);margin-left:0\"><div class=\"gutena-accordion-block__panel-title-inner\">\n<h6 class=\"wp-block-heading has-text-align-left\" style=\"margin-top:0px;margin-right:0px;margin-bottom:0px;margin-left:0px\">Kontakta oss!<\/h6>\n<div class=\"trigger-up-down\"><div class=\"horizontal\"><\/div><div class=\"vertical\"><\/div><\/div><\/div><\/div>\n\n\n\n<div class=\"wp-block-gutena-accordion-panel-content gutena-accordion-block__panel-content\"><div class=\"gutena-accordion-block__panel-content-inner\">\n<p style=\"margin-top:0;margin-bottom:0\">Du kan kontakta mig Jessica Saavedra.<br>Det b\u00e4sta s\u00e4ttet \u00e4r att skicka e-post s\u00e5 svarar jag s\u00e5 fort jag har m\u00f6jlighet. Du kan \u00e4ven ringa eller skicka SMS.<br><br>Ser fram emot att hj\u00e4lpa till med er n\u00e4sta event!<\/p>\n\n\n\n<p>E-post: <a href=\"mailto:jessica@salsadans.com\">jessica@salsadans.com<\/a><\/p>\n\n\n\n<p>Mobil: +46 73-3004080<\/p>\n<\/div><\/div>\n<\/div>\n<\/div>\n<\/div>\n\n\n\n<hr class=\"wp-block-separator has-text-color has-ast-global-color-7-color has-alpha-channel-opacity has-ast-global-color-7-background-color has-background is-style-wide\"\/>\n","protected":false},"excerpt":{"rendered":"","protected":false},"author":1,"featured_media":0,"parent":16,"menu_order":0,"comment_status":"closed","ping_status":"closed","template":"","meta":{"_eb_attr":"","_uag_custom_page_level_css":"","site-sidebar-layout":"default","site-content-layout":null,"ast-site-content-layout":"default","site-content-style":"default","site-sidebar-style":"default","ast-global-header-display":"","ast-banner-title-visibility":"","ast-main-header-display":"","ast-hfb-above-header-display":"","ast-hfb-below-header-display":"","ast-hfb-mobile-header-display":"","site-post-title":"disabled","ast-breadcrumbs-content":null,"ast-featured-img":"","footer-sml-layout":"","ast-disable-related-posts":"","theme-transparent-header-meta":"","adv-header-id-meta":"","stick-header-meta":"","header-above-stick-meta":"","header-main-stick-meta":"","header-below-stick-meta":"","astra-migrate-meta-layouts":"set","ast-page-background-enabled":"default","ast-page-background-meta":{"desktop":{"background-color":"var(--ast-global-color-4)","background-image":"","background-repeat":"repeat","background-position":"center center","background-size":"auto","background-attachment":"scroll","background-type":"","background-media":"","overlay-type":"","overlay-color":"","overlay-opacity":"","overlay-gradient":""},"tablet":{"background-color":"","background-image":"","background-repeat":"repeat","background-position":"center center","background-size":"auto","background-attachment":"scroll","background-type":"","background-media":"","overlay-type":"","overlay-color":"","overlay-opacity":"","overlay-gradient":""},"mobile":{"background-color":"","background-image":"","background-repeat":"repeat","background-position":"center center","background-size":"auto","background-attachment":"scroll","background-type":"","background-media":"","overlay-type":"","overlay-color":"","overlay-opacity":"","overlay-gradient":""}},"ast-content-background-meta":{"desktop":{"background-color":"var(--ast-global-color-5)","background-image":"","background-repeat":"repeat","background-position":"center center","background-size":"auto","background-attachment":"scroll","background-type":"","background-media":"","overlay-type":"","overlay-color":"","overlay-opacity":"","overlay-gradient":""},"tablet":{"background-color":"var(--ast-global-color-5)","background-image":"","background-repeat":"repeat","background-position":"center center","background-size":"auto","background-attachment":"scroll","background-type":"","background-media":"","overlay-type":"","overlay-color":"","overlay-opacity":"","overlay-gradient":""},"mobile":{"background-color":"var(--ast-global-color-5)","background-image":"","background-repeat":"repeat","background-position":"center center","background-size":"auto","background-attachment":"scroll","background-type":"","background-media":"","overlay-type":"","overlay-color":"","overlay-opacity":"","overlay-gradient":""}},"footnotes":""},"class_list":["post-3116","page","type-page","status-publish","hentry"],"uagb_featured_image_src":{"full":false,"thumbnail":false,"medium":false,"medium_large":false,"large":false,"1536x1536":false,"2048x2048":false},"uagb_author_info":{"display_name":"Huascar Saavedra","author_link":"https:\/\/salsadans.com\/index.php\/author\/erico\/"},"uagb_comment_info":0,"uagb_excerpt":null,"jetpack-related-posts":[],"jetpack_sharing_enabled":true,"_links":{"self":[{"href":"https:\/\/salsadans.com\/index.php\/wp-json\/wp\/v2\/pages\/3116","targetHints":{"allow":["GET"]}}],"collection":[{"href":"https:\/\/salsadans.com\/index.php\/wp-json\/wp\/v2\/pages"}],"about":[{"href":"https:\/\/salsadans.com\/index.php\/wp-json\/wp\/v2\/types\/page"}],"author":[{"embeddable":true,"href":"https:\/\/salsadans.com\/index.php\/wp-json\/wp\/v2\/users\/1"}],"replies":[{"embeddable":true,"href":"https:\/\/salsadans.com\/index.php\/wp-json\/wp\/v2\/comments?post=3116"}],"version-history":[{"count":7,"href":"https:\/\/salsadans.com\/index.php\/wp-json\/wp\/v2\/pages\/3116\/revisions"}],"predecessor-version":[{"id":7621,"href":"https:\/\/salsadans.com\/index.php\/wp-json\/wp\/v2\/pages\/3116\/revisions\/7621"}],"up":[{"embeddable":true,"href":"https:\/\/salsadans.com\/index.php\/wp-json\/wp\/v2\/pages\/16"}],"wp:attachment":[{"href":"https:\/\/salsadans.com\/index.php\/wp-json\/wp\/v2\/media?parent=3116"}],"curies":[{"name":"wp","href":"https:\/\/api.w.org\/{rel}","templated":true}]}}