{"id":3828,"date":"2023-01-28T22:57:55","date_gmt":"2023-01-28T21:57:55","guid":{"rendered":"https:\/\/salsadans.com\/?page_id=3828"},"modified":"2025-04-17T07:59:02","modified_gmt":"2025-04-17T05:59:02","slug":"mohippa-svensexa","status":"publish","type":"page","link":"https:\/\/salsadans.com\/index.php\/vara-tjanster\/mohippa-svensexa\/","title":{"rendered":"M\u00f6hippa\/svensexa"},"content":{"rendered":"\n<div class=\"wp-block-uagb-buttons uagb-buttons__outer-wrap uagb-btn__default-btn uagb-btn-tablet__default-btn uagb-btn-mobile__small-btn uagb-block-1a2aa4e1\"><div class=\"uagb-buttons__wrap uagb-buttons-layout-wrap \">\n<div class=\"wp-block-uagb-buttons-child uagb-buttons__outer-wrap uagb-block-d41a5edb wp-block-button\"><div class=\"uagb-button__wrapper\"><a class=\"uagb-buttons-repeater wp-block-button__link\" aria-label=\"\" href=\"https:\/\/salsadans.com\/index.php\/vara-tjanster\/\" rel=\"follow noopener\" target=\"_self\" role=\"button\"><div class=\"uagb-button__link\">Tillbaka<\/div><\/a><\/div><\/div>\n<\/div><\/div>\n\n\n\n<div class=\"wp-block-uagb-info-box uagb-block-04501aaa uagb-infobox__content-wrap  uagb-infobox-icon-above-title uagb-infobox-image-valign-top\"><div class=\"uagb-ifb-content\"><div class=\"uagb-ifb-image-content\"><img data-recalc-dims=\"1\" decoding=\"async\" src=\"https:\/\/i0.wp.com\/salsadans.com\/wp-content\/uploads\/2023\/08\/Mo%CC%88hippa-_-svensexa-1.png?h=0&#038;ssl=1\" alt=\"\"   loading=\"lazy\"\/><\/div><div class=\"uagb-ifb-title-wrap\"><h3 class=\"uagb-ifb-title\">M\u00f6hippa\/svensexa?<\/h3><\/div><p class=\"uagb-ifb-desc\">\u00c4r det snart dags att byta civilst\u00e5nd? <\/p><\/div><\/div>\n\n\n\n<div class=\"wp-block-uagb-separator uagb-block-5d436680 wp-block-uagb-separator--text\"><div class=\"wp-block-uagb-separator__inner\" style=\"--my-background-image:\"><div class=\"wp-block-uagb-separator-element\"><h4 class=\"uagb-html-tag\">Boka oss!<\/h4><\/div><\/div><\/div>\n\n\n\n<section class=\"wp-block-uagb-columns uagb-columns__wrap uagb-columns__background-color uagb-columns__stack-mobile uagb-columns__valign- uagb-columns__gap-10 alignfull uagb-block-43b21f73 uagb-columns__columns-2 uagb-columns__max_width-theme\"><div class=\"uagb-columns__overlay\"><\/div><div class=\"uagb-columns__inner-wrap uagb-columns__columns-2\">\n<div class=\"wp-block-uagb-column uagb-column__wrap uagb-column__background-undefined uagb-block-be4eeaea\"><div class=\"uagb-column__overlay\"><\/div>\n<div class=\"wp-block-uagb-team uagb-team__image-position-above uagb-team__align-center uagb-team__stack-tablet uagb-block-2c7946a9\"><div class=\"uagb-team__content\"><img data-recalc-dims=\"1\" decoding=\"async\" class=\"uagb-team__image-crop-circle\" src=\"https:\/\/i0.wp.com\/salsadans.com\/wp-content\/uploads\/2023\/01\/Rund-Jessica-portra%CC%88tt-.jpg?resize=100%2C100&#038;ssl=1\" alt=\"\" height=\"100\" width=\"100\" loading=\"lazy\"\/><h3 class=\"uagb-team__title\">Jessica Saavedra<\/h3><span class=\"uagb-team__prefix\">Hej v\u00e4lkommen!<\/span><p class=\"uagb-team__desc\">H\u00e4r nedan hittar du mer information, med priser och annat som kan vara bra att k\u00e4nna till.<\/p><\/div><\/div>\n<\/div>\n\n\n\n<div class=\"wp-block-uagb-column uagb-column__wrap uagb-column__background-undefined uagb-block-2bf762be\"><div class=\"uagb-column__overlay\"><\/div>\n<div class=\"wp-block-essential-blocks-accordion  root-eb-accordion-e6chpp0\"><div class=\"eb-parent-wrapper eb-parent-eb-accordion-e6chpp0 \"><div class=\"eb-accordion-container eb-accordion-e6chpp0\" data-accordion-type=\"accordion\" data-tab-icon=\"fas fa-tasks\" data-expanded-icon=\"fas fa-angle-down\" data-transition-duration=\"500\"><div class=\"eb-accordion-inner\">\n<div class=\"wp-block-essential-blocks-accordion-item eb-accordion-item-r2jm2yh eb-accordion-wrapper\" data-clickable=\"false\"><div class=\"eb-accordion-title-wrapper eb-accordion-title-wrapper-eb-accordion-e6chpp0\" tabindex=\"0\"><span class=\"eb-accordion-icon-wrapper eb-accordion-icon-wrapper-eb-accordion-e6chpp0\"><span class=\"fas fa-tasks eb-accordion-icon\"><\/span><\/span><div class=\"eb-accordion-title-content-wrap title-content-eb-accordion-e6chpp0\"><h3 class=\"eb-accordion-title\">Priser<\/h3><\/div><\/div><div class=\"eb-accordion-content-wrapper eb-accordion-content-wrapper-eb-accordion-e6chpp0\"><div class=\"eb-accordion-content\">\n<div class=\"wp-block-uagb-restaurant-menu uagb-block-10119462 uagb-rm__desk-column-2 uagb-rm__tablet-column-2 uagb-rm__mobile-column-1\">\n<div data-aos= \"fade-up\" data-aos-duration=\"400\" data-aos-delay=\"0\" data-aos-easing=\"ease\" data-aos-once=\"true\" class=\"wp-block-uagb-restaurant-menu-child uagb-rest_menu__wrap\"><img data-recalc-dims=\"1\" decoding=\"async\" class=\"\" src=\"https:\/\/i0.wp.com\/salsadans.com\/wp-content\/uploads\/2023\/09\/drinks-alcohol-glasses-1283608.jpg?resize=150%2C99&#038;ssl=1\" alt=\"drinks, alcohol, glasses-1283608.jpg\" width=\"150\" height=\"99\" loading=\"lazy\"\/><div class=\"uagb-rm__content\"><div class=\"uagb-rm-details\"><h4 class=\"uagb-rm__title\">En timmes lektion<\/h4><div class=\"uagb-rm__desc\">Priset g\u00e4ller f\u00f6r en grupp upp till 10 personer. Lektionen kan vara Salsa, Bachata eller Cha Cha Cha.<br><br>G\u00e4ller under ca 1 timma. Priserna \u00e4r inklusive moms.<br>OBS! Lokalhyra tillkommer.<\/div><span class=\"uagb-rm__price\">1800 kr (1h.)<br><\/span><\/div><\/div><div class=\"uagb-rm__separator\"><\/div><\/div>\n\n\n\n<div class=\"wp-block-uagb-restaurant-menu-child uagb-rest_menu__wrap\"><img data-recalc-dims=\"1\" decoding=\"async\" class=\"\" src=\"https:\/\/i0.wp.com\/salsadans.com\/wp-content\/uploads\/2023\/09\/cupcakes-candles-candlelight-380178.jpg?resize=150%2C99&#038;ssl=1\" alt=\"cupcakes, candles, candlelight-380178.jpg\" width=\"150\" height=\"99\" loading=\"lazy\"\/><div class=\"uagb-rm__content\"><div class=\"uagb-rm-details\"><h4 class=\"uagb-rm__title\">Fler \u00e4n 10 personer?<\/h4><div class=\"uagb-rm__desc\">Varje extra person betalar 180 kr\/person<br> Lektionen kan vara Salsa, Bachata eller Cha Cha Cha.<br><br>G\u00e4ller under ca 1 timma. Priserna \u00e4r inklusive moms.<br>OBS! Lokalhyra tillkommer.<\/div><span class=\"uagb-rm__price\">180 extra\/pers. (1h.)<br><\/span><\/div><\/div><div class=\"uagb-rm__separator\"><\/div><\/div>\n<\/div>\n<\/div><\/div><\/div>\n\n\n\n<div class=\"wp-block-essential-blocks-accordion-item eb-accordion-item-3omdp1u eb-accordion-wrapper\" data-clickable=\"false\"><div class=\"eb-accordion-title-wrapper eb-accordion-title-wrapper-eb-accordion-e6chpp0\" tabindex=\"0\"><span class=\"eb-accordion-icon-wrapper eb-accordion-icon-wrapper-eb-accordion-e6chpp0\"><span class=\"fas fa-tasks eb-accordion-icon\"><\/span><\/span><div class=\"eb-accordion-title-content-wrap title-content-eb-accordion-e6chpp0\"><h3 class=\"eb-accordion-title\">Skicka en f\u00f6rfr\u00e5gan&#8230;<\/h3><\/div><\/div><div class=\"eb-accordion-content-wrapper eb-accordion-content-wrapper-eb-accordion-e6chpp0\"><div class=\"eb-accordion-content\"><\/div><\/div><\/div>\n<\/div><\/div><\/div><\/div>\n<\/div>\n<\/div><\/section>\n","protected":false},"excerpt":{"rendered":"","protected":false},"author":1,"featured_media":7641,"parent":16,"menu_order":0,"comment_status":"closed","ping_status":"closed","template":"","meta":{"_eb_attr":"","_uag_custom_page_level_css":"","site-sidebar-layout":"default","site-content-layout":"","ast-site-content-layout":"default","site-content-style":"default","site-sidebar-style":"default","ast-global-header-display":"","ast-banner-title-visibility":"","ast-main-header-display":"","ast-hfb-above-header-display":"","ast-hfb-below-header-display":"","ast-hfb-mobile-header-display":"","site-post-title":"","ast-breadcrumbs-content":"","ast-featured-img":"","footer-sml-layout":"","ast-disable-related-posts":"","theme-transparent-header-meta":"","adv-header-id-meta":"","stick-header-meta":"","header-above-stick-meta":"","header-main-stick-meta":"","header-below-stick-meta":"","astra-migrate-meta-layouts":"set","ast-page-background-enabled":"default","ast-page-background-meta":{"desktop":{"background-color":"var(--ast-global-color-4)","background-image":"","background-repeat":"repeat","background-position":"center center","background-size":"auto","background-attachment":"scroll","background-type":"","background-media":"","overlay-type":"","overlay-color":"","overlay-opacity":"","overlay-gradient":""},"tablet":{"background-color":"","background-image":"","background-repeat":"repeat","background-position":"center center","background-size":"auto","background-attachment":"scroll","background-type":"","background-media":"","overlay-type":"","overlay-color":"","overlay-opacity":"","overlay-gradient":""},"mobile":{"background-color":"","background-image":"","background-repeat":"repeat","background-position":"center center","background-size":"auto","background-attachment":"scroll","background-type":"","background-media":"","overlay-type":"","overlay-color":"","overlay-opacity":"","overlay-gradient":""}},"ast-content-background-meta":{"desktop":{"background-color":"var(--ast-global-color-5)","background-image":"","background-repeat":"repeat","background-position":"center center","background-size":"auto","background-attachment":"scroll","background-type":"","background-media":"","overlay-type":"","overlay-color":"","overlay-opacity":"","overlay-gradient":""},"tablet":{"background-color":"var(--ast-global-color-5)","background-image":"","background-repeat":"repeat","background-position":"center center","background-size":"auto","background-attachment":"scroll","background-type":"","background-media":"","overlay-type":"","overlay-color":"","overlay-opacity":"","overlay-gradient":""},"mobile":{"background-color":"var(--ast-global-color-5)","background-image":"","background-repeat":"repeat","background-position":"center center","background-size":"auto","background-attachment":"scroll","background-type":"","background-media":"","overlay-type":"","overlay-color":"","overlay-opacity":"","overlay-gradient":""}},"footnotes":""},"class_list":["post-3828","page","type-page","status-publish","has-post-thumbnail","hentry"],"uagb_featured_image_src":{"full":["https:\/\/i0.wp.com\/salsadans.com\/wp-content\/uploads\/2025\/04\/det-ska-beskriva-en-danslektion-for-tjejer.png?fit=1024%2C768&ssl=1",1024,768,false],"thumbnail":["https:\/\/i0.wp.com\/salsadans.com\/wp-content\/uploads\/2025\/04\/det-ska-beskriva-en-danslektion-for-tjejer.png?resize=150%2C150&ssl=1",150,150,true],"medium":["https:\/\/i0.wp.com\/salsadans.com\/wp-content\/uploads\/2025\/04\/det-ska-beskriva-en-danslektion-for-tjejer.png?fit=300%2C225&ssl=1",300,225,true],"medium_large":["https:\/\/i0.wp.com\/salsadans.com\/wp-content\/uploads\/2025\/04\/det-ska-beskriva-en-danslektion-for-tjejer.png?fit=768%2C576&ssl=1",768,576,true],"large":["https:\/\/i0.wp.com\/salsadans.com\/wp-content\/uploads\/2025\/04\/det-ska-beskriva-en-danslektion-for-tjejer.png?fit=1024%2C768&ssl=1",1024,768,true],"1536x1536":["https:\/\/i0.wp.com\/salsadans.com\/wp-content\/uploads\/2025\/04\/det-ska-beskriva-en-danslektion-for-tjejer.png?fit=1024%2C768&ssl=1",1024,768,true],"2048x2048":["https:\/\/i0.wp.com\/salsadans.com\/wp-content\/uploads\/2025\/04\/det-ska-beskriva-en-danslektion-for-tjejer.png?fit=1024%2C768&ssl=1",1024,768,true]},"uagb_author_info":{"display_name":"Huascar Saavedra","author_link":"https:\/\/salsadans.com\/index.php\/author\/erico\/"},"uagb_comment_info":0,"uagb_excerpt":null,"jetpack-related-posts":[],"jetpack_sharing_enabled":true,"_links":{"self":[{"href":"https:\/\/salsadans.com\/index.php\/wp-json\/wp\/v2\/pages\/3828","targetHints":{"allow":["GET"]}}],"collection":[{"href":"https:\/\/salsadans.com\/index.php\/wp-json\/wp\/v2\/pages"}],"about":[{"href":"https:\/\/salsadans.com\/index.php\/wp-json\/wp\/v2\/types\/page"}],"author":[{"embeddable":true,"href":"https:\/\/salsadans.com\/index.php\/wp-json\/wp\/v2\/users\/1"}],"replies":[{"embeddable":true,"href":"https:\/\/salsadans.com\/index.php\/wp-json\/wp\/v2\/comments?post=3828"}],"version-history":[{"count":10,"href":"https:\/\/salsadans.com\/index.php\/wp-json\/wp\/v2\/pages\/3828\/revisions"}],"predecessor-version":[{"id":7642,"href":"https:\/\/salsadans.com\/index.php\/wp-json\/wp\/v2\/pages\/3828\/revisions\/7642"}],"up":[{"embeddable":true,"href":"https:\/\/salsadans.com\/index.php\/wp-json\/wp\/v2\/pages\/16"}],"wp:featuredmedia":[{"embeddable":true,"href":"https:\/\/salsadans.com\/index.php\/wp-json\/wp\/v2\/media\/7641"}],"wp:attachment":[{"href":"https:\/\/salsadans.com\/index.php\/wp-json\/wp\/v2\/media?parent=3828"}],"curies":[{"name":"wp","href":"https:\/\/api.w.org\/{rel}","templated":true}]}}