{"id":6222,"date":"2024-06-09T14:16:59","date_gmt":"2024-06-09T12:16:59","guid":{"rendered":"https:\/\/salsadans.com\/?page_id=6222"},"modified":"2026-05-03T22:22:50","modified_gmt":"2026-05-03T20:22:50","slug":"fasta-kurser","status":"publish","type":"page","link":"https:\/\/salsadans.com\/index.php\/vara-kurser\/fasta-kurser\/","title":{"rendered":"Fasta Kurser Onsdagar"},"content":{"rendered":"\n<div class=\"wp-block-columns has-ast-global-color-4-background-color has-background is-layout-flex wp-container-core-columns-is-layout-1ed2c2ff wp-block-columns-is-layout-flex\" style=\"border-width:2px;border-top-left-radius:0px;border-top-right-radius:0px;border-bottom-left-radius:0px;border-bottom-right-radius:0px;margin-top:var(--wp--preset--spacing--40);padding-top:0px;padding-right:0px;padding-bottom:0px;padding-left:0px\">\n<div class=\"wp-block-column is-layout-flow wp-block-column-is-layout-flow\" style=\"padding-top:10px;padding-right:10px;padding-bottom:10px;padding-left:10px\">\n<div class=\"wp-block-uagb-advanced-heading uagb-block-3fb0a40d\"><h3 class=\"uagb-heading-text\">V\u00c5RA FASTA KURSER &#8211; ONSDAGAR VT-26<\/h3><p class=\"uagb-desc-text\">V\u00e4lkommen till v\u00e5ra f\u00f6rsommarkurser i G\u00f6teborg under V\u00c5REN. Vi kommer att starta onsdag den 20 maj och dansar varje onsdag. Det \u00e4r 4 tillf\u00e4llen och lektionerna \u00e4r p\u00e5 60 minuter.<br><br><strong>F\u00d6RSOMMARKURSER START: Onsdag 20:e maj<\/strong><br><br>17:00 &#8211; 18:00 &#8211; Nyb\u00f6rjare del 2<br>18:10-19:10 Forts\u00e4ttning<br>19:20-20:20 Medel<br><br>Notera: F\u00d6RSOMMAR-KURS-RABATT till dig som g\u00e5r kurs hos oss denna termin.<br><br>Huascar &amp; Jessica undervisar tillsammans och vi startar kl. 17:00 med Nyb\u00f6rjarekursen. <br>V\u00e4lkommen med din anm\u00e4lan!<\/p><\/div>\n\n\n\n<p><mark style=\"background-color:rgba(0, 0, 0, 0)\" class=\"has-inline-color has-ast-global-color-1-color\">H\u00f6stens kurser startar onsdag den 26 augusti, 14 tillf\u00e4llen. V\u00e4lkommen med din anm\u00e4lan. <\/mark><\/p>\n<\/div>\n<\/div>\n\n\n\n<div class=\"wp-block-essential-blocks-shape-divider  root-eb-shape-divider-xb99v\"><div class=\"eb-parent-wrapper eb-parent-eb-shape-divider-xb99v \"><div class=\"eb-shape-divider-wrapper eb-shape-divider-xb99v\"><div class=\"eb-shape-divider eb-shape-divider-top\" data-shape=\"style_1\" data-negative=\"false\"><svg xmlns=\"http:\/\/www.w3.org\/2000\/svg\" fill=\"none\" viewBox=\"0 0 1000 100\" preserveAspectRatio=\"none\"><g clip-path=\"url(#eb-shape-divider-ocean-wave)\"><path class=\"eb-shape-divider-fill\" fill=\"#715AFF\" d=\"M0 97.79S101.82-.97 283.17 5.23c203.09 0 290.46 94.4 716.83 94.4V0H0v97.79Z\"><\/path><\/g><defs><clipPath id=\"eb-shape-divider-ocean-wave\"><path fill=\"#fff\" class=\"eb-shape-divider-fill\" d=\"M0 0h1000v99.62H0z\"><\/path><\/clipPath><\/defs><\/svg><\/div><\/div><\/div><\/div>\n\n\n\n<h2 class=\"wp-block-heading has-text-align-center\">V\u00e4lj de kurser du vill g\u00e5!<\/h2>\n\n\n\n<section class=\"wp-block-uagb-section uagb-section__wrap uagb-section__background-color uagb-block-2e6140e4\"><div class=\"uagb-section__overlay\"><\/div><div class=\"uagb-section__inner-wrap\">\n<div class=\"container-iframe\" width=\"100%\" style=\"border: none; border-radius: 4px;\" data-client-id=\"SDmizp5h6\" data-filter=\"rueda\" data-view-mode=\"list\" data-city-name=\"\" data-dance=\"\" data-group=\"startdate\" data-group-sorting=\"startdate\" data-activity-type=\"Course\" data-hide-filter=\"true\" data-period=\"\" data-show-sub-events=\"false\" data-show-parent-event=\"true\" data-disable-month-grouping=\"false\" allowfullscreen=\"\"><\/div>\n<\/div><\/section>\n\n\n\n<div class=\"wp-block-columns has-ast-global-color-4-background-color has-background is-layout-flex wp-container-core-columns-is-layout-1ed2c2ff wp-block-columns-is-layout-flex\" style=\"border-style:none;border-width:0px;border-radius:0px;margin-top:var(--wp--preset--spacing--40);padding-top:0px;padding-right:0px;padding-bottom:0px;padding-left:0px\">\n<div class=\"wp-block-column is-layout-flow wp-container-core-column-is-layout-41c28552 wp-block-column-is-layout-flow\" style=\"padding-top:0;padding-right:0px;padding-bottom:0;padding-left:0px\">\n<div class=\"wp-block-jetpack-slideshow aligncenter\" data-autoplay=\"true\" data-delay=\"2\" data-effect=\"fade\" style=\"--aspect-ratio:calc(1024 \/ 189)\"><div class=\"wp-block-jetpack-slideshow_container swiper\"><ul class=\"wp-block-jetpack-slideshow_swiper-wrapper swiper-wrapper\"><li class=\"wp-block-jetpack-slideshow_slide swiper-slide\"><figure><img data-recalc-dims=\"1\" loading=\"lazy\" decoding=\"async\" width=\"1024\" height=\"189\" alt=\"\" class=\"wp-block-jetpack-slideshow_image wp-image-8100\" data-id=\"8100\" data-aspect-ratio=\"1024 \/ 189\" src=\"https:\/\/i0.wp.com\/salsadans.com\/wp-content\/uploads\/2026\/05\/NYB-sommar.png?resize=1024%2C189&#038;ssl=1\" srcset=\"https:\/\/i0.wp.com\/salsadans.com\/wp-content\/uploads\/2026\/05\/NYB-sommar.png?resize=1024%2C189&amp;ssl=1 1024w, https:\/\/i0.wp.com\/salsadans.com\/wp-content\/uploads\/2026\/05\/NYB-sommar.png?resize=300%2C55&amp;ssl=1 300w, https:\/\/i0.wp.com\/salsadans.com\/wp-content\/uploads\/2026\/05\/NYB-sommar.png?resize=768%2C142&amp;ssl=1 768w, https:\/\/i0.wp.com\/salsadans.com\/wp-content\/uploads\/2026\/05\/NYB-sommar.png?w=1056&amp;ssl=1 1056w\" sizes=\"(max-width: 1000px) 100vw, 1000px\" \/><\/figure><\/li><li class=\"wp-block-jetpack-slideshow_slide swiper-slide\"><figure><img data-recalc-dims=\"1\" loading=\"lazy\" decoding=\"async\" width=\"1024\" height=\"189\" alt=\"\" class=\"wp-block-jetpack-slideshow_image wp-image-8099\" data-id=\"8099\" data-aspect-ratio=\"1024 \/ 189\" src=\"https:\/\/i0.wp.com\/salsadans.com\/wp-content\/uploads\/2026\/05\/NYB-sommar-2.png?resize=1024%2C189&#038;ssl=1\" srcset=\"https:\/\/i0.wp.com\/salsadans.com\/wp-content\/uploads\/2026\/05\/NYB-sommar-2.png?resize=1024%2C189&amp;ssl=1 1024w, https:\/\/i0.wp.com\/salsadans.com\/wp-content\/uploads\/2026\/05\/NYB-sommar-2.png?resize=300%2C55&amp;ssl=1 300w, https:\/\/i0.wp.com\/salsadans.com\/wp-content\/uploads\/2026\/05\/NYB-sommar-2.png?resize=768%2C142&amp;ssl=1 768w, https:\/\/i0.wp.com\/salsadans.com\/wp-content\/uploads\/2026\/05\/NYB-sommar-2.png?w=1056&amp;ssl=1 1056w\" sizes=\"(max-width: 1000px) 100vw, 1000px\" \/><\/figure><\/li><li class=\"wp-block-jetpack-slideshow_slide swiper-slide\"><figure><img data-recalc-dims=\"1\" loading=\"lazy\" decoding=\"async\" width=\"1024\" height=\"189\" alt=\"\" class=\"wp-block-jetpack-slideshow_image wp-image-8101\" data-id=\"8101\" data-aspect-ratio=\"1024 \/ 189\" src=\"https:\/\/i0.wp.com\/salsadans.com\/wp-content\/uploads\/2026\/05\/NYB-sommar-3.png?resize=1024%2C189&#038;ssl=1\" srcset=\"https:\/\/i0.wp.com\/salsadans.com\/wp-content\/uploads\/2026\/05\/NYB-sommar-3.png?resize=1024%2C189&amp;ssl=1 1024w, https:\/\/i0.wp.com\/salsadans.com\/wp-content\/uploads\/2026\/05\/NYB-sommar-3.png?resize=300%2C55&amp;ssl=1 300w, https:\/\/i0.wp.com\/salsadans.com\/wp-content\/uploads\/2026\/05\/NYB-sommar-3.png?resize=768%2C142&amp;ssl=1 768w, https:\/\/i0.wp.com\/salsadans.com\/wp-content\/uploads\/2026\/05\/NYB-sommar-3.png?w=1056&amp;ssl=1 1056w\" sizes=\"(max-width: 1000px) 100vw, 1000px\" \/><\/figure><\/li><li class=\"wp-block-jetpack-slideshow_slide swiper-slide\"><figure><img data-recalc-dims=\"1\" loading=\"lazy\" decoding=\"async\" width=\"1024\" height=\"189\" alt=\"\" class=\"wp-block-jetpack-slideshow_image wp-image-8102\" data-id=\"8102\" data-aspect-ratio=\"1024 \/ 189\" src=\"https:\/\/i0.wp.com\/salsadans.com\/wp-content\/uploads\/2026\/05\/NYB-sommar-4.png?resize=1024%2C189&#038;ssl=1\" srcset=\"https:\/\/i0.wp.com\/salsadans.com\/wp-content\/uploads\/2026\/05\/NYB-sommar-4.png?resize=1024%2C189&amp;ssl=1 1024w, https:\/\/i0.wp.com\/salsadans.com\/wp-content\/uploads\/2026\/05\/NYB-sommar-4.png?resize=300%2C55&amp;ssl=1 300w, https:\/\/i0.wp.com\/salsadans.com\/wp-content\/uploads\/2026\/05\/NYB-sommar-4.png?resize=768%2C142&amp;ssl=1 768w, https:\/\/i0.wp.com\/salsadans.com\/wp-content\/uploads\/2026\/05\/NYB-sommar-4.png?w=1056&amp;ssl=1 1056w\" sizes=\"(max-width: 1000px) 100vw, 1000px\" \/><\/figure><\/li><\/ul><a class=\"wp-block-jetpack-slideshow_button-prev swiper-button-prev swiper-button-white\" role=\"button\"><\/a><a class=\"wp-block-jetpack-slideshow_button-next swiper-button-next swiper-button-white\" role=\"button\"><\/a><a aria-label=\"Pause Slideshow\" class=\"wp-block-jetpack-slideshow_button-pause\" role=\"button\"><\/a><div class=\"wp-block-jetpack-slideshow_pagination swiper-pagination swiper-pagination-white\"><\/div><\/div><\/div>\n<\/div>\n<\/div>\n","protected":false},"excerpt":{"rendered":"<p>V\u00c5RA FASTA KURSER &#8211; ONSDAGAR VT-26 V\u00e4lkommen till v\u00e5ra f\u00f6rsommarkurser i G\u00f6teborg under V\u00c5REN. Vi kommer att starta onsdag den 20 maj och dansar varje onsdag. Det \u00e4r 4 tillf\u00e4llen och lektionerna \u00e4r p\u00e5 60 minuter. F\u00d6RSOMMARKURSER START: Onsdag 20:e maj 17:00 &#8211; 18:00 &#8211; Nyb\u00f6rjare del 218:10-19:10 Forts\u00e4ttning19:20-20:20 Medel Notera: F\u00d6RSOMMAR-KURS-RABATT till dig som [&hellip;]<\/p>\n","protected":false},"author":1,"featured_media":0,"parent":6220,"menu_order":0,"comment_status":"closed","ping_status":"closed","template":"","meta":{"_eb_attr":"","_uag_custom_page_level_css":"","site-sidebar-layout":"default","site-content-layout":"","ast-site-content-layout":"default","site-content-style":"default","site-sidebar-style":"default","ast-global-header-display":"","ast-banner-title-visibility":"","ast-main-header-display":"","ast-hfb-above-header-display":"","ast-hfb-below-header-display":"","ast-hfb-mobile-header-display":"","site-post-title":"","ast-breadcrumbs-content":"","ast-featured-img":"","footer-sml-layout":"","ast-disable-related-posts":"","theme-transparent-header-meta":"","adv-header-id-meta":"","stick-header-meta":"","header-above-stick-meta":"","header-main-stick-meta":"","header-below-stick-meta":"","astra-migrate-meta-layouts":"set","ast-page-background-enabled":"default","ast-page-background-meta":{"desktop":{"background-color":"var(--ast-global-color-4)","background-image":"","background-repeat":"repeat","background-position":"center center","background-size":"auto","background-attachment":"scroll","background-type":"","background-media":"","overlay-type":"","overlay-color":"","overlay-opacity":"","overlay-gradient":""},"tablet":{"background-color":"","background-image":"","background-repeat":"repeat","background-position":"center center","background-size":"auto","background-attachment":"scroll","background-type":"","background-media":"","overlay-type":"","overlay-color":"","overlay-opacity":"","overlay-gradient":""},"mobile":{"background-color":"","background-image":"","background-repeat":"repeat","background-position":"center center","background-size":"auto","background-attachment":"scroll","background-type":"","background-media":"","overlay-type":"","overlay-color":"","overlay-opacity":"","overlay-gradient":""}},"ast-content-background-meta":{"desktop":{"background-color":"var(--ast-global-color-5)","background-image":"","background-repeat":"repeat","background-position":"center center","background-size":"auto","background-attachment":"scroll","background-type":"","background-media":"","overlay-type":"","overlay-color":"","overlay-opacity":"","overlay-gradient":""},"tablet":{"background-color":"var(--ast-global-color-5)","background-image":"","background-repeat":"repeat","background-position":"center center","background-size":"auto","background-attachment":"scroll","background-type":"","background-media":"","overlay-type":"","overlay-color":"","overlay-opacity":"","overlay-gradient":""},"mobile":{"background-color":"var(--ast-global-color-5)","background-image":"","background-repeat":"repeat","background-position":"center center","background-size":"auto","background-attachment":"scroll","background-type":"","background-media":"","overlay-type":"","overlay-color":"","overlay-opacity":"","overlay-gradient":""}},"footnotes":""},"class_list":["post-6222","page","type-page","status-publish","hentry"],"uagb_featured_image_src":{"full":false,"thumbnail":false,"medium":false,"medium_large":false,"large":false,"1536x1536":false,"2048x2048":false},"uagb_author_info":{"display_name":"Huascar Saavedra","author_link":"https:\/\/salsadans.com\/index.php\/author\/erico\/"},"uagb_comment_info":0,"uagb_excerpt":"V\u00c5RA FASTA KURSER &#8211; ONSDAGAR VT-26 V\u00e4lkommen till v\u00e5ra f\u00f6rsommarkurser i G\u00f6teborg under V\u00c5REN. Vi kommer att starta onsdag den 20 maj och dansar varje onsdag. Det \u00e4r 4 tillf\u00e4llen och lektionerna \u00e4r p\u00e5 60 minuter. F\u00d6RSOMMARKURSER START: Onsdag 20:e maj 17:00 &#8211; 18:00 &#8211; Nyb\u00f6rjare del 218:10-19:10 Forts\u00e4ttning19:20-20:20 Medel Notera: F\u00d6RSOMMAR-KURS-RABATT till dig som&hellip;","jetpack-related-posts":[],"jetpack_sharing_enabled":true,"_links":{"self":[{"href":"https:\/\/salsadans.com\/index.php\/wp-json\/wp\/v2\/pages\/6222","targetHints":{"allow":["GET"]}}],"collection":[{"href":"https:\/\/salsadans.com\/index.php\/wp-json\/wp\/v2\/pages"}],"about":[{"href":"https:\/\/salsadans.com\/index.php\/wp-json\/wp\/v2\/types\/page"}],"author":[{"embeddable":true,"href":"https:\/\/salsadans.com\/index.php\/wp-json\/wp\/v2\/users\/1"}],"replies":[{"embeddable":true,"href":"https:\/\/salsadans.com\/index.php\/wp-json\/wp\/v2\/comments?post=6222"}],"version-history":[{"count":62,"href":"https:\/\/salsadans.com\/index.php\/wp-json\/wp\/v2\/pages\/6222\/revisions"}],"predecessor-version":[{"id":8131,"href":"https:\/\/salsadans.com\/index.php\/wp-json\/wp\/v2\/pages\/6222\/revisions\/8131"}],"up":[{"embeddable":true,"href":"https:\/\/salsadans.com\/index.php\/wp-json\/wp\/v2\/pages\/6220"}],"wp:attachment":[{"href":"https:\/\/salsadans.com\/index.php\/wp-json\/wp\/v2\/media?parent=6222"}],"curies":[{"name":"wp","href":"https:\/\/api.w.org\/{rel}","templated":true}]}}