{"id":6224,"date":"2024-06-09T14:17:32","date_gmt":"2024-06-09T12:17:32","guid":{"rendered":"https:\/\/salsadans.com\/?page_id=6224"},"modified":"2026-05-03T18:18:15","modified_gmt":"2026-05-03T16:18:15","slug":"oppet-hus","status":"publish","type":"page","link":"https:\/\/salsadans.com\/index.php\/vara-kurser\/oppet-hus\/","title":{"rendered":"\u00d6ppet Hus"},"content":{"rendered":"\n<h2 class=\"wp-block-heading has-text-align-center\">V\u00e4lkommen p\u00e5 \u00d6ppet-Hus onsdag 19 aug 2026<\/h2>\n\n\n\n<div class=\"wp-block-uagb-info-box uagb-block-bfd6bea9 uagb-infobox__content-wrap  uagb-infobox-icon-above-title uagb-infobox-image-valign-top\"><div class=\"uagb-ifb-content\"><div class=\"uagb-ifb-image-content\"><img data-recalc-dims=\"1\" decoding=\"async\" src=\"https:\/\/i0.wp.com\/salsadans.com\/wp-content\/uploads\/2026\/05\/Prova-Pa%CC%8A-19-aug-Prova-Pa%CC%8A.png?h=0&#038;ssl=1\" alt=\"\"   loading=\"lazy\"\/><\/div><div class=\"uagb-ifb-title-wrap\"><h3 class=\"uagb-ifb-title\">Reservera din plats!<\/h3><\/div><p class=\"uagb-ifb-desc\">Har du aldrig provat att dansa med oss p\u00e5 SalsaDans? D\u00e5 \u00e4r det h\u00e4r kv\u00e4llen f\u00f6r dig!<br>Under v\u00e5rt \u00d6ppet Hus f\u00e5r du testa v\u00e5ra kurser \u2013 helt utan kostnad.<br>Du f\u00e5r k\u00e4nna in st\u00e4mningen, tr\u00e4ffa oss, dansa och hitta den niv\u00e5 som passar dig b\u00e4st.<\/p><\/div><\/div>\n\n\n\n<div class=\"container-iframe\" width=\"100%\" style=\"border: none; border-radius: 4px;\" data-client-id=\"SDmizp5h6\" data-filter=\"prova\" data-view-mode=\"list\" data-city-name=\"\" data-dance=\"\" data-group=\"startdate\" data-group-sorting=\"startdate\" data-activity-type=\"Course\" data-hide-filter=\"true\" data-period=\"\" data-show-sub-events=\"false\" data-show-parent-event=\"true\" data-disable-month-grouping=\"false\" allowfullscreen=\"\"><\/div>\n\n\n\n<p><\/p>\n","protected":false},"excerpt":{"rendered":"<p>V\u00e4lkommen p\u00e5 \u00d6ppet-Hus onsdag 19 aug 2026<\/p>\n","protected":false},"author":1,"featured_media":0,"parent":6220,"menu_order":0,"comment_status":"closed","ping_status":"closed","template":"","meta":{"_eb_attr":"","_uag_custom_page_level_css":"","site-sidebar-layout":"default","site-content-layout":"","ast-site-content-layout":"default","site-content-style":"default","site-sidebar-style":"default","ast-global-header-display":"","ast-banner-title-visibility":"","ast-main-header-display":"","ast-hfb-above-header-display":"","ast-hfb-below-header-display":"","ast-hfb-mobile-header-display":"","site-post-title":"","ast-breadcrumbs-content":"","ast-featured-img":"","footer-sml-layout":"","ast-disable-related-posts":"","theme-transparent-header-meta":"","adv-header-id-meta":"","stick-header-meta":"","header-above-stick-meta":"","header-main-stick-meta":"","header-below-stick-meta":"","astra-migrate-meta-layouts":"set","ast-page-background-enabled":"default","ast-page-background-meta":{"desktop":{"background-color":"var(--ast-global-color-4)","background-image":"","background-repeat":"repeat","background-position":"center center","background-size":"auto","background-attachment":"scroll","background-type":"","background-media":"","overlay-type":"","overlay-color":"","overlay-opacity":"","overlay-gradient":""},"tablet":{"background-color":"","background-image":"","background-repeat":"repeat","background-position":"center center","background-size":"auto","background-attachment":"scroll","background-type":"","background-media":"","overlay-type":"","overlay-color":"","overlay-opacity":"","overlay-gradient":""},"mobile":{"background-color":"","background-image":"","background-repeat":"repeat","background-position":"center center","background-size":"auto","background-attachment":"scroll","background-type":"","background-media":"","overlay-type":"","overlay-color":"","overlay-opacity":"","overlay-gradient":""}},"ast-content-background-meta":{"desktop":{"background-color":"var(--ast-global-color-5)","background-image":"","background-repeat":"repeat","background-position":"center center","background-size":"auto","background-attachment":"scroll","background-type":"","background-media":"","overlay-type":"","overlay-color":"","overlay-opacity":"","overlay-gradient":""},"tablet":{"background-color":"var(--ast-global-color-5)","background-image":"","background-repeat":"repeat","background-position":"center center","background-size":"auto","background-attachment":"scroll","background-type":"","background-media":"","overlay-type":"","overlay-color":"","overlay-opacity":"","overlay-gradient":""},"mobile":{"background-color":"var(--ast-global-color-5)","background-image":"","background-repeat":"repeat","background-position":"center center","background-size":"auto","background-attachment":"scroll","background-type":"","background-media":"","overlay-type":"","overlay-color":"","overlay-opacity":"","overlay-gradient":""}},"footnotes":""},"class_list":["post-6224","page","type-page","status-publish","hentry"],"uagb_featured_image_src":{"full":false,"thumbnail":false,"medium":false,"medium_large":false,"large":false,"1536x1536":false,"2048x2048":false},"uagb_author_info":{"display_name":"Huascar Saavedra","author_link":"https:\/\/salsadans.com\/index.php\/author\/erico\/"},"uagb_comment_info":0,"uagb_excerpt":"V\u00e4lkommen p\u00e5 \u00d6ppet-Hus onsdag 19 aug 2026","jetpack-related-posts":[],"jetpack_sharing_enabled":true,"_links":{"self":[{"href":"https:\/\/salsadans.com\/index.php\/wp-json\/wp\/v2\/pages\/6224","targetHints":{"allow":["GET"]}}],"collection":[{"href":"https:\/\/salsadans.com\/index.php\/wp-json\/wp\/v2\/pages"}],"about":[{"href":"https:\/\/salsadans.com\/index.php\/wp-json\/wp\/v2\/types\/page"}],"author":[{"embeddable":true,"href":"https:\/\/salsadans.com\/index.php\/wp-json\/wp\/v2\/users\/1"}],"replies":[{"embeddable":true,"href":"https:\/\/salsadans.com\/index.php\/wp-json\/wp\/v2\/comments?post=6224"}],"version-history":[{"count":9,"href":"https:\/\/salsadans.com\/index.php\/wp-json\/wp\/v2\/pages\/6224\/revisions"}],"predecessor-version":[{"id":8126,"href":"https:\/\/salsadans.com\/index.php\/wp-json\/wp\/v2\/pages\/6224\/revisions\/8126"}],"up":[{"embeddable":true,"href":"https:\/\/salsadans.com\/index.php\/wp-json\/wp\/v2\/pages\/6220"}],"wp:attachment":[{"href":"https:\/\/salsadans.com\/index.php\/wp-json\/wp\/v2\/media?parent=6224"}],"curies":[{"name":"wp","href":"https:\/\/api.w.org\/{rel}","templated":true}]}}